{"id":511,"date":"2021-04-05T10:32:17","date_gmt":"2021-04-05T08:51:11","guid":{"rendered":"http:\/\/www.ihber.com\/producto\/25m65a-1c20\/"},"modified":"2021-04-05T10:32:17","modified_gmt":"2021-04-05T10:32:17","slug":"25m65a-1c20","status":"publish","type":"product","link":"https:\/\/www.ihber.com\/en\/producto\/25m65a-1c20\/","title":{"rendered":"25M65A-1C20"},"content":{"rendered":"<p>Los motores hidr\u00e1ulicos reciben fluido del circuito hidr\u00e1ulico, gener\u00e1ndose en su eje de salida un moviento de giro. Los motores de paletas basan su funcionamiento en un conjunto de paletas montadas en el rotor, que realizan la estanqueidad contra el est\u00e1tor por la fuerza centr\u00edfuga de giro<\/p>\n","protected":false},"excerpt":{"rendered":"<p>Motor de paletas de cilindrada fija VICKERS serie 25M<\/p>\n","protected":false},"featured_media":245,"comment_status":"open","ping_status":"closed","template":"","meta":[],"product_cat":[28],"product_tag":[],"_links":{"self":[{"href":"https:\/\/www.ihber.com\/en\/wp-json\/wp\/v3\/product\/511"}],"collection":[{"href":"https:\/\/www.ihber.com\/en\/wp-json\/wp\/v3\/product"}],"about":[{"href":"https:\/\/www.ihber.com\/en\/wp-json\/wp\/v2\/types\/product"}],"replies":[{"embeddable":true,"href":"https:\/\/www.ihber.com\/en\/wp-json\/wp\/v2\/comments?post=511"}],"wp:featuredmedia":[{"embeddable":true,"href":"https:\/\/www.ihber.com\/en\/wp-json\/wp\/v2\/media\/245"}],"wp:attachment":[{"href":"https:\/\/www.ihber.com\/en\/wp-json\/wp\/v2\/media?parent=511"}],"wp:term":[{"taxonomy":"product_cat","embeddable":true,"href":"https:\/\/www.ihber.com\/en\/wp-json\/wp\/v2\/product_cat?post=511"},{"taxonomy":"product_tag","embeddable":true,"href":"https:\/\/www.ihber.com\/en\/wp-json\/wp\/v2\/product_tag?post=511"}],"curies":[{"name":"wp","href":"https:\/\/api.w.org\/{rel}","templated":true}]}}