{"id":2902,"date":"2021-04-05T10:46:25","date_gmt":"2021-04-05T09:01:50","guid":{"rendered":"http:\/\/www.ihber.com\/producto\/pvq45ar01ab10g1800000100100cd0a\/"},"modified":"2021-04-05T10:46:25","modified_gmt":"2021-04-05T10:46:25","slug":"pvq45ar01ab10g1800000100100cd0a","status":"publish","type":"product","link":"https:\/\/www.ihber.com\/en\/producto\/pvq45ar01ab10g1800000100100cd0a\/","title":{"rendered":"PVQ45AR01AB10G1800000100100CD0A"},"content":{"rendered":"<p>Las bombas hidr\u00e1ulicas suministran el fluido al circuito hidr\u00e1ulico. Las bombas de pistones de caudal variable disponen de un mecanismo que var\u00eda la cilindrada de la bomba<\/p>\n","protected":false},"excerpt":{"rendered":"<p>Bomba de pistones de cilindrada variable VICKERS serie PVQ<\/p>\n","protected":false},"featured_media":326,"comment_status":"open","ping_status":"closed","template":"","meta":[],"product_cat":[23],"product_tag":[],"_links":{"self":[{"href":"https:\/\/www.ihber.com\/en\/wp-json\/wp\/v3\/product\/2902"}],"collection":[{"href":"https:\/\/www.ihber.com\/en\/wp-json\/wp\/v3\/product"}],"about":[{"href":"https:\/\/www.ihber.com\/en\/wp-json\/wp\/v2\/types\/product"}],"replies":[{"embeddable":true,"href":"https:\/\/www.ihber.com\/en\/wp-json\/wp\/v2\/comments?post=2902"}],"wp:featuredmedia":[{"embeddable":true,"href":"https:\/\/www.ihber.com\/en\/wp-json\/wp\/v2\/media\/326"}],"wp:attachment":[{"href":"https:\/\/www.ihber.com\/en\/wp-json\/wp\/v2\/media?parent=2902"}],"wp:term":[{"taxonomy":"product_cat","embeddable":true,"href":"https:\/\/www.ihber.com\/en\/wp-json\/wp\/v2\/product_cat?post=2902"},{"taxonomy":"product_tag","embeddable":true,"href":"https:\/\/www.ihber.com\/en\/wp-json\/wp\/v2\/product_tag?post=2902"}],"curies":[{"name":"wp","href":"https:\/\/api.w.org\/{rel}","templated":true}]}}