{"id":2396,"date":"2021-04-05T10:42:59","date_gmt":"2021-04-05T08:59:19","guid":{"rendered":"http:\/\/www.ihber.com\/producto\/pvh074r01aa10a250000002001ab010a\/"},"modified":"2021-04-05T10:42:59","modified_gmt":"2021-04-05T10:42:59","slug":"pvh074r01aa10a250000002001ab010a","status":"publish","type":"product","link":"https:\/\/www.ihber.com\/en\/producto\/pvh074r01aa10a250000002001ab010a\/","title":{"rendered":"PVH074R01AA10A250000002001AB010A"},"content":{"rendered":"<p>Las bombas hidr\u00e1ulicas suministran el fluido al circuito hidr\u00e1ulico. Las bombas de pistones de caudal variable disponen de un mecanismo que var\u00eda la cilindrada de la bomba<\/p>\n","protected":false},"excerpt":{"rendered":"<p>Bomba de pistones de cilindrada variable VICKERS serie PVH<\/p>\n","protected":false},"featured_media":325,"comment_status":"open","ping_status":"closed","template":"","meta":[],"product_cat":[23],"product_tag":[],"_links":{"self":[{"href":"https:\/\/www.ihber.com\/en\/wp-json\/wp\/v3\/product\/2396"}],"collection":[{"href":"https:\/\/www.ihber.com\/en\/wp-json\/wp\/v3\/product"}],"about":[{"href":"https:\/\/www.ihber.com\/en\/wp-json\/wp\/v2\/types\/product"}],"replies":[{"embeddable":true,"href":"https:\/\/www.ihber.com\/en\/wp-json\/wp\/v2\/comments?post=2396"}],"wp:featuredmedia":[{"embeddable":true,"href":"https:\/\/www.ihber.com\/en\/wp-json\/wp\/v2\/media\/325"}],"wp:attachment":[{"href":"https:\/\/www.ihber.com\/en\/wp-json\/wp\/v2\/media?parent=2396"}],"wp:term":[{"taxonomy":"product_cat","embeddable":true,"href":"https:\/\/www.ihber.com\/en\/wp-json\/wp\/v2\/product_cat?post=2396"},{"taxonomy":"product_tag","embeddable":true,"href":"https:\/\/www.ihber.com\/en\/wp-json\/wp\/v2\/product_tag?post=2396"}],"curies":[{"name":"wp","href":"https:\/\/api.w.org\/{rel}","templated":true}]}}