{"id":1341,"date":"2021-04-05T10:37:12","date_gmt":"2021-04-05T08:54:33","guid":{"rendered":"http:\/\/www.ihber.com\/producto\/cg-06-bv-50\/"},"modified":"2021-04-05T10:37:12","modified_gmt":"2021-04-05T10:37:12","slug":"cg-06-bv-50","status":"publish","type":"product","link":"https:\/\/www.ihber.com\/en\/producto\/cg-06-bv-50\/","title":{"rendered":"CG-06-BV-50"},"content":{"rendered":"<p>Las v\u00e1lvulas limitadoras de presi\u00f3n impiden que la presi\u00f3n del circuito supere un valor determinado, descargando fluido al dep\u00f3sito o a una l\u00ednea de presi\u00f3n inferior.<\/p>\n","protected":false},"excerpt":{"rendered":"<p>Limitadora de presi\u00f3n para montaje en placa VICKERS serie CG<\/p>\n","protected":false},"featured_media":256,"comment_status":"open","ping_status":"closed","template":"","meta":[],"product_cat":[27],"product_tag":[],"_links":{"self":[{"href":"https:\/\/www.ihber.com\/en\/wp-json\/wp\/v3\/product\/1341"}],"collection":[{"href":"https:\/\/www.ihber.com\/en\/wp-json\/wp\/v3\/product"}],"about":[{"href":"https:\/\/www.ihber.com\/en\/wp-json\/wp\/v2\/types\/product"}],"replies":[{"embeddable":true,"href":"https:\/\/www.ihber.com\/en\/wp-json\/wp\/v2\/comments?post=1341"}],"wp:featuredmedia":[{"embeddable":true,"href":"https:\/\/www.ihber.com\/en\/wp-json\/wp\/v2\/media\/256"}],"wp:attachment":[{"href":"https:\/\/www.ihber.com\/en\/wp-json\/wp\/v2\/media?parent=1341"}],"wp:term":[{"taxonomy":"product_cat","embeddable":true,"href":"https:\/\/www.ihber.com\/en\/wp-json\/wp\/v2\/product_cat?post=1341"},{"taxonomy":"product_tag","embeddable":true,"href":"https:\/\/www.ihber.com\/en\/wp-json\/wp\/v2\/product_tag?post=1341"}],"curies":[{"name":"wp","href":"https:\/\/api.w.org\/{rel}","templated":true}]}}