{"id":1074,"date":"2021-04-05T10:35:40","date_gmt":"2021-04-05T08:53:28","guid":{"rendered":"http:\/\/www.ihber.com\/producto\/46m155a-11c20\/"},"modified":"2021-04-05T10:35:40","modified_gmt":"2021-04-05T10:35:40","slug":"46m155a-11c20","status":"publish","type":"product","link":"https:\/\/www.ihber.com\/en\/producto\/46m155a-11c20\/","title":{"rendered":"46M155A-11C20"},"content":{"rendered":"<p>Los motores hidr\u00e1ulicos reciben fluido del circuito hidr\u00e1ulico, gener\u00e1ndose en su eje de salida un moviento de giro. Los motores de paletas basan su funcionamiento en un conjunto de paletas montadas en el rotor, que realizan la estanqueidad contra el est\u00e1<\/p>\n","protected":false},"excerpt":{"rendered":"<p>Motor de paletas de cilindrada fija VICKERS serie 46M<\/p>\n","protected":false},"featured_media":245,"comment_status":"open","ping_status":"closed","template":"","meta":[],"product_cat":[28],"product_tag":[],"_links":{"self":[{"href":"https:\/\/www.ihber.com\/en\/wp-json\/wp\/v3\/product\/1074"}],"collection":[{"href":"https:\/\/www.ihber.com\/en\/wp-json\/wp\/v3\/product"}],"about":[{"href":"https:\/\/www.ihber.com\/en\/wp-json\/wp\/v2\/types\/product"}],"replies":[{"embeddable":true,"href":"https:\/\/www.ihber.com\/en\/wp-json\/wp\/v2\/comments?post=1074"}],"wp:featuredmedia":[{"embeddable":true,"href":"https:\/\/www.ihber.com\/en\/wp-json\/wp\/v2\/media\/245"}],"wp:attachment":[{"href":"https:\/\/www.ihber.com\/en\/wp-json\/wp\/v2\/media?parent=1074"}],"wp:term":[{"taxonomy":"product_cat","embeddable":true,"href":"https:\/\/www.ihber.com\/en\/wp-json\/wp\/v2\/product_cat?post=1074"},{"taxonomy":"product_tag","embeddable":true,"href":"https:\/\/www.ihber.com\/en\/wp-json\/wp\/v2\/product_tag?post=1074"}],"curies":[{"name":"wp","href":"https:\/\/api.w.org\/{rel}","templated":true}]}}